{"id":2003,"date":"2021-08-27T08:40:56","date_gmt":"2021-08-27T08:40:56","guid":{"rendered":"https:\/\/altrad-mostostal.pl?page_id=2003"},"modified":"2026-03-02T10:40:10","modified_gmt":"2026-03-02T10:40:10","slug":"ochrona-danych-osobowych","status":"publish","type":"page","link":"https:\/\/altrad-mostostal.pl\/ru\/o-nas\/ochrona-danych-osobowych\/","title":{"rendered":"Ochrona Danych Osobowych"},"content":{"rendered":"<p data-start=\"0\" data-end=\"102\"><strong data-start=\"0\" data-end=\"102\">Klauzula informacyjna \u2013 zasady przetwarzania danych osobowych przez ALTRAD-Mostostal Sp\u00f3\u0142ka z o.o.<\/strong><\/p>\n<p data-start=\"104\" data-end=\"486\">W zwi\u0105zku z wej\u015bciem w \u017cycie w dniu 25 maja 2018 r. rozporz\u0105dzenia Parlamentu Europejskiego i Rady (UE) nr 2016\/679 z dnia 27 kwietnia 2016 r. w sprawie ochrony os\u00f3b fizycznych w zwi\u0105zku z przetwarzaniem danych osobowych i w sprawie swobodnego przep\u0142ywu takich danych oraz uchylenia dyrektywy 95\/46\/WE (dalej: \u201eRODO\u201d), dzia\u0142aj\u0105c na podstawie art. 13 RODO, informujemy, co nast\u0119puje:<\/p>\n<ol data-start=\"488\" data-end=\"3437\" data-is-last-node=\"\" data-is-only-node=\"\">\n<li data-start=\"488\" data-end=\"933\">\n<p data-start=\"491\" data-end=\"933\">Administratorem Pa\u0144stwa danych osobowych jest sp\u00f3\u0142ka prawa polskiego pod firm\u0105 <strong data-start=\"570\" data-end=\"630\">ALTRAD-Mostostal Sp\u00f3\u0142ka z ograniczon\u0105 odpowiedzialno\u015bci\u0105<\/strong> z siedzib\u0105 w Siedlcach (08-110), ul. Starzy\u0144skiego 1, wpisana do Rejestru Przedsi\u0119biorc\u00f3w Krajowego Rejestru S\u0105dowego prowadzonego przez S\u0105d Rejonowy Lublin-Wsch\u00f3d w Lublinie z siedzib\u0105 w \u015awidniku, VI Wydzia\u0142 Gospodarczy Krajowego Rejestru S\u0105dowego, pod numerem KRS 0000051423 (dalej: \u201eAdministrator\u201d).<\/p>\n<\/li>\n<li data-start=\"935\" data-end=\"1179\">\n<p data-start=\"938\" data-end=\"1179\">We wszelkich sprawach zwi\u0105zanych z przetwarzaniem Pa\u0144stwa danych osobowych oraz wykonywaniem praw przys\u0142uguj\u0105cych w zwi\u0105zku z przetwarzaniem danych mog\u0105 Pa\u0144stwo kontaktowa\u0107 si\u0119 z Administratorem w formie pisemnej, z dopiskiem \u201eDane osobowe\u201d.<\/p>\n<\/li>\n<li data-start=\"1181\" data-end=\"1386\">\n<p data-start=\"1184\" data-end=\"1386\">Dane osobowe s\u0105 przetwarzane w celu podejmowania dzia\u0142a\u0144 zwi\u0105zanych z procesem sprzeda\u017cy lub zakupu (przed zawarciem umowy sprzeda\u017cy\/zakupu, a tak\u017ce w celu zawarcia i realizacji umowy sprzeda\u017cy\/zakupu).<\/p>\n<\/li>\n<li data-start=\"1388\" data-end=\"1535\">\n<p data-start=\"1391\" data-end=\"1535\">Podanie danych osobowych jest dobrowolne, jednak niezb\u0119dne do wykonania umowy. W przypadku niepodania danych wykonanie umowy nie b\u0119dzie mo\u017cliwe.<\/p>\n<\/li>\n<li data-start=\"1537\" data-end=\"1774\">\n<p data-start=\"1540\" data-end=\"1774\">Pa\u0144stwa dane osobowe b\u0119d\u0105 przechowywane przez okres obowi\u0105zywania umowy, a po jej zako\u0144czeniu \u2013 w celu wype\u0142nienia obowi\u0105zku prawnego ci\u0105\u017c\u0105cego na Administratorze \u2013 przez okres przewidziany przepisami prawa powszechnie obowi\u0105zuj\u0105cego.<\/p>\n<\/li>\n<li data-start=\"1776\" data-end=\"2663\">\n<p data-start=\"1779\" data-end=\"2663\">Dane osobowe przekazane ALTRAD-Mostostal Sp. z o.o. nie b\u0119d\u0105 udost\u0119pniane, sprzedawane ani u\u017cyczane osobom trzecim, chyba \u017ce nast\u0105pi to w przypadku:<br \/>\n\u2013 przekazania danych uprawnionym organom na podstawie przepis\u00f3w prawa,<br data-start=\"2001\" data-end=\"2004\" data-is-only-node=\"\" \/>\u2013 przekazania danych do centrali Grupy ALTRAD w celach sprawozdawczych (przetwarzanie w ramach Grupy ALTRAD),<br data-start=\"2116\" data-end=\"2119\" \/>\u2013 przekazania danych upowa\u017cnionym pracownikom lub wsp\u00f3\u0142pracownikom ALTRAD-Mostostal Sp. z o.o., kt\u00f3rzy musz\u0105 mie\u0107 dost\u0119p do danych w celu wykonywania obowi\u0105zk\u00f3w s\u0142u\u017cbowych,<br data-start=\"2294\" data-end=\"2297\" \/>\u2013 przekazania danych podmiotom przetwarzaj\u0105cym, kt\u00f3rym zostanie powierzone przetwarzanie danych w zwi\u0105zku z realizacj\u0105 procesu sprzeda\u017cy\/zakupu, np. w zakresie obs\u0142ugi system\u00f3w IT, firmom spedycyjnym, przewo\u017anikom, firmom kurierskim, operatorom pocztowym,<br data-start=\"2555\" data-end=\"2558\" \/>\u2013 wyra\u017anej zgody osoby, kt\u00f3rej dane dotycz\u0105 \u2013 w przypadkach niezwi\u0105zanych z procesem sprzeda\u017cy\/zakupu.<\/p>\n<\/li>\n<li data-start=\"2665\" data-end=\"2888\">\n<p data-start=\"2668\" data-end=\"2888\">Wszystkie osoby upowa\u017cnione przez ALTRAD-Mostostal Sp. z o.o. do przetwarzania Pa\u0144stwa danych osobowych s\u0105 zobowi\u0105zane do zachowania poufno\u015bci danych oraz do zabezpieczenia ich przed udost\u0119pnieniem osobom nieuprawnionym.<\/p>\n<\/li>\n<li data-start=\"2890\" data-end=\"3437\" data-is-last-node=\"\">\n<p data-start=\"2893\" data-end=\"3437\" data-is-last-node=\"\">Przys\u0142uguje Pa\u0144stwu prawo dost\u0119pu do danych oraz prawo do ich sprostowania, usuni\u0119cia, ograniczenia przetwarzania, prawo do przenoszenia danych, prawo wniesienia sprzeciwu (kt\u00f3rego uwzgl\u0119dnienie mo\u017ce jednak uniemo\u017cliwi\u0107 realizacj\u0119 umowy sprzeda\u017cy\/zakupu), a je\u017celi podstaw\u0105 przetwarzania jest Pa\u0144stwa zgoda \u2013 r\u00f3wnie\u017c prawo do jej cofni\u0119cia w dowolnym momencie. Ponadto przys\u0142uguje Pa\u0144stwu prawo wniesienia skargi do Prezesa Urz\u0119du Ochrony Danych Osobowych, je\u017celi uznaj\u0105 Pa\u0144stwo, \u017ce przetwarzanie Pa\u0144stwa danych osobowych narusza przepisy RODO.<\/p>\n<\/li>\n<\/ol>\n","protected":false},"excerpt":{"rendered":"<p>Klauzula informacyjna \u2013 zasady przetwarzania danych osobowych przez ALTRAD-Mostostal Sp\u00f3\u0142ka z o.o. W zwi\u0105zku z wej\u015bciem w \u017cycie w dniu 25 maja 2018 r. rozporz\u0105dzenia Parlamentu<span class=\"excerpt-hellip\"> [\u2026]<\/span><\/p>\n","protected":false},"author":3,"featured_media":0,"parent":66,"menu_order":0,"comment_status":"closed","ping_status":"closed","template":"","meta":[],"acf":[],"_links":{"self":[{"href":"https:\/\/altrad-mostostal.pl\/ru\/wp-json\/wp\/v2\/pages\/2003"}],"collection":[{"href":"https:\/\/altrad-mostostal.pl\/ru\/wp-json\/wp\/v2\/pages"}],"about":[{"href":"https:\/\/altrad-mostostal.pl\/ru\/wp-json\/wp\/v2\/types\/page"}],"author":[{"embeddable":true,"href":"https:\/\/altrad-mostostal.pl\/ru\/wp-json\/wp\/v2\/users\/3"}],"replies":[{"embeddable":true,"href":"https:\/\/altrad-mostostal.pl\/ru\/wp-json\/wp\/v2\/comments?post=2003"}],"version-history":[{"count":5,"href":"https:\/\/altrad-mostostal.pl\/ru\/wp-json\/wp\/v2\/pages\/2003\/revisions"}],"predecessor-version":[{"id":4911,"href":"https:\/\/altrad-mostostal.pl\/ru\/wp-json\/wp\/v2\/pages\/2003\/revisions\/4911"}],"up":[{"embeddable":true,"href":"https:\/\/altrad-mostostal.pl\/ru\/wp-json\/wp\/v2\/pages\/66"}],"wp:attachment":[{"href":"https:\/\/altrad-mostostal.pl\/ru\/wp-json\/wp\/v2\/media?parent=2003"}],"curies":[{"name":"wp","href":"https:\/\/api.w.org\/{rel}","templated":true}]}}